
{"id":974,"date":"2021-06-03T16:40:22","date_gmt":"2021-06-03T16:40:22","guid":{"rendered":"http:\/\/mariehecart.com\/?page_id=974"},"modified":"2021-06-05T11:35:02","modified_gmt":"2021-06-05T11:35:02","slug":"mentions-legales","status":"publish","type":"page","link":"https:\/\/mariehecart.com\/index.php\/mentions-legales\/","title":{"rendered":"Mentions l\u00e9gales"},"content":{"rendered":"\t\t<div data-elementor-type=\"wp-page\" data-elementor-id=\"974\" class=\"elementor elementor-974\" data-elementor-post-type=\"page\">\n\t\t\t\t\t\t<section class=\"elementor-section elementor-top-section elementor-element elementor-element-76cbe61 elementor-section-boxed elementor-section-height-default elementor-section-height-default\" data-id=\"76cbe61\" data-element_type=\"section\">\n\t\t\t\t\t\t<div class=\"elementor-container elementor-column-gap-default\">\n\t\t\t\t\t<div class=\"elementor-column elementor-col-100 elementor-top-column elementor-element elementor-element-c485b55\" data-id=\"c485b55\" data-element_type=\"column\">\n\t\t\t<div class=\"elementor-widget-wrap elementor-element-populated\">\n\t\t\t\t\t\t<div class=\"elementor-element elementor-element-f6e0450 elementor-widget elementor-widget-spacer\" data-id=\"f6e0450\" data-element_type=\"widget\" data-widget_type=\"spacer.default\">\n\t\t\t\t<div class=\"elementor-widget-container\">\n\t\t\t\t\t\t\t<div class=\"elementor-spacer\">\n\t\t\t<div class=\"elementor-spacer-inner\"><\/div>\n\t\t<\/div>\n\t\t\t\t\t\t<\/div>\n\t\t\t\t<\/div>\n\t\t\t\t<div class=\"elementor-element elementor-element-baf8121 elementor-widget elementor-widget-heading\" data-id=\"baf8121\" data-element_type=\"widget\" data-widget_type=\"heading.default\">\n\t\t\t\t<div class=\"elementor-widget-container\">\n\t\t\t\t\t<h2 class=\"elementor-heading-title elementor-size-default\">Mentions L\u00e9gales<\/h2>\t\t\t\t<\/div>\n\t\t\t\t<\/div>\n\t\t\t\t<div class=\"elementor-element elementor-element-acbc00f elementor-widget-divider--view-line elementor-widget elementor-widget-divider\" data-id=\"acbc00f\" data-element_type=\"widget\" data-widget_type=\"divider.default\">\n\t\t\t\t<div class=\"elementor-widget-container\">\n\t\t\t\t\t\t\t<div class=\"elementor-divider\">\n\t\t\t<span class=\"elementor-divider-separator\">\n\t\t\t\t\t\t<\/span>\n\t\t<\/div>\n\t\t\t\t\t\t<\/div>\n\t\t\t\t<\/div>\n\t\t\t\t<div class=\"elementor-element elementor-element-22783e3 elementor-widget elementor-widget-spacer\" data-id=\"22783e3\" data-element_type=\"widget\" data-widget_type=\"spacer.default\">\n\t\t\t\t<div class=\"elementor-widget-container\">\n\t\t\t\t\t\t\t<div class=\"elementor-spacer\">\n\t\t\t<div class=\"elementor-spacer-inner\"><\/div>\n\t\t<\/div>\n\t\t\t\t\t\t<\/div>\n\t\t\t\t<\/div>\n\t\t\t\t\t<\/div>\n\t\t<\/div>\n\t\t\t\t\t<\/div>\n\t\t<\/section>\n\t\t\t\t<section class=\"elementor-section elementor-top-section elementor-element elementor-element-3de8896 elementor-section-boxed elementor-section-height-default elementor-section-height-default\" data-id=\"3de8896\" data-element_type=\"section\">\n\t\t\t\t\t\t<div class=\"elementor-container elementor-column-gap-default\">\n\t\t\t\t\t<div class=\"elementor-column elementor-col-100 elementor-top-column elementor-element elementor-element-4d92bdb\" data-id=\"4d92bdb\" data-element_type=\"column\">\n\t\t\t<div class=\"elementor-widget-wrap elementor-element-populated\">\n\t\t\t\t\t\t<div class=\"elementor-element elementor-element-d2672b4 elementor-widget elementor-widget-heading\" data-id=\"d2672b4\" data-element_type=\"widget\" data-widget_type=\"heading.default\">\n\t\t\t\t<div class=\"elementor-widget-container\">\n\t\t\t\t\t<h3 class=\"elementor-heading-title elementor-size-default\">Identification du site<\/h3>\t\t\t\t<\/div>\n\t\t\t\t<\/div>\n\t\t\t\t<div class=\"elementor-element elementor-element-550f1f2 elementor-widget elementor-widget-text-editor\" data-id=\"550f1f2\" data-element_type=\"widget\" data-widget_type=\"text-editor.default\">\n\t\t\t\t<div class=\"elementor-widget-container\">\n\t\t\t\t\t\t\t\t\t<p>Les informations suivantes sont fournies en vertu de l\u2019Article 6 de LOI n\u00b0 2004-575 du 21 juin 2004 pour la Confiance dans l\u2019\u00c9conomie Num\u00e9rique<\/p><p><strong>Raison sociale :<\/strong> Normandie Connection LTD<br \/><strong>Si\u00e8ge social :<\/strong> 11924 Forest Hill Blvd Ste 10A-135 Wellington, FL 33414 USA<\/p><p><strong>Directeur de la publication :<\/strong> Marie H\u00e9cart<\/p><p>Le site Internet \u00abmariehecart.com\u00bb est h\u00e9berg\u00e9 par :<br \/>OVH<br \/>SAS au capital de 10 000 000 \u20ac<br \/>RCS Roubaix \u2013 Tourcoing 424 761 419 00045<br \/>Code APE 6202A<br \/>N\u00b0 TVA : FR 22 424 761 419<br \/>Si\u00e8ge social : 2 rue Kellermann \u2013 59100 Roubaix \u2013 France.<\/p>\t\t\t\t\t\t\t\t<\/div>\n\t\t\t\t<\/div>\n\t\t\t\t<div class=\"elementor-element elementor-element-c40489e elementor-widget elementor-widget-spacer\" data-id=\"c40489e\" data-element_type=\"widget\" data-widget_type=\"spacer.default\">\n\t\t\t\t<div class=\"elementor-widget-container\">\n\t\t\t\t\t\t\t<div class=\"elementor-spacer\">\n\t\t\t<div class=\"elementor-spacer-inner\"><\/div>\n\t\t<\/div>\n\t\t\t\t\t\t<\/div>\n\t\t\t\t<\/div>\n\t\t\t\t\t<\/div>\n\t\t<\/div>\n\t\t\t\t\t<\/div>\n\t\t<\/section>\n\t\t\t\t<section class=\"elementor-section elementor-top-section elementor-element elementor-element-35a37b6 elementor-section-boxed elementor-section-height-default elementor-section-height-default\" data-id=\"35a37b6\" data-element_type=\"section\">\n\t\t\t\t\t\t<div class=\"elementor-container elementor-column-gap-default\">\n\t\t\t\t\t<div class=\"elementor-column elementor-col-100 elementor-top-column elementor-element elementor-element-63f6d22\" data-id=\"63f6d22\" data-element_type=\"column\">\n\t\t\t<div class=\"elementor-widget-wrap elementor-element-populated\">\n\t\t\t\t\t\t<div class=\"elementor-element elementor-element-738c244 elementor-widget elementor-widget-heading\" data-id=\"738c244\" data-element_type=\"widget\" data-widget_type=\"heading.default\">\n\t\t\t\t<div class=\"elementor-widget-container\">\n\t\t\t\t\t<h3 class=\"elementor-heading-title elementor-size-default\">Avis de copyright et de marques d\u00e9pos\u00e9es<\/h3>\t\t\t\t<\/div>\n\t\t\t\t<\/div>\n\t\t\t\t<div class=\"elementor-element elementor-element-653ceee elementor-widget elementor-widget-text-editor\" data-id=\"653ceee\" data-element_type=\"widget\" data-widget_type=\"text-editor.default\">\n\t\t\t\t<div class=\"elementor-widget-container\">\n\t\t\t\t\t\t\t\t\t<p><strong>\u00ab Normandie Connection LTD &#8211; Marie H\u00e9cart \u00bb. Tous droits r\u00e9serv\u00e9s.<\/strong><br \/>La reproduction de tout \u00e9l\u00e9ment du pr\u00e9sent site ou de tout autre contenu se trouvant sur le site autre que ceux express\u00e9ment envisag\u00e9s dans le pr\u00e9sent document est strictement interdite. L\u2019utilisation de tous les documents et graphiques associ\u00e9s ainsi que de tout autre \u00e9l\u00e9ment fourni sur ce site est soumise aux conditions d\u2019utilisation figurant ci-dessus.<\/p><p><strong>Marques d\u00e9pos\u00e9es :<\/strong><br \/>Le nom \u00ab Normandie Connection LTD &#8211; Marie H\u00e9cart \u00bb, son logo, ainsi que tous les noms de produits et de services, dessins marques et slogans s\u2019y rapportant sont des marques d\u00e9pos\u00e9es, marques de service ou marques de commerce d\u00e9pos\u00e9es de l\u2019\u00c9diteur du Site, et ils ne peuvent pas \u00eatre utilis\u00e9s \u00e0 des fins commerciales sans son consentement \u00e9crit pr\u00e9alable. Toutes les autres marques de produits et de services de ce site sont des marques d\u00e9pos\u00e9es de leurs propri\u00e9taires respectifs.<\/p><p><strong>Autres avis de copyright :<\/strong><br \/>Les autres avis de copyright concernent les donn\u00e9es provenant de tiers utilis\u00e9es pour cr\u00e9er ce service Internet.<\/p>\t\t\t\t\t\t\t\t<\/div>\n\t\t\t\t<\/div>\n\t\t\t\t<div class=\"elementor-element elementor-element-41c3d2a elementor-widget elementor-widget-spacer\" data-id=\"41c3d2a\" data-element_type=\"widget\" data-widget_type=\"spacer.default\">\n\t\t\t\t<div class=\"elementor-widget-container\">\n\t\t\t\t\t\t\t<div class=\"elementor-spacer\">\n\t\t\t<div class=\"elementor-spacer-inner\"><\/div>\n\t\t<\/div>\n\t\t\t\t\t\t<\/div>\n\t\t\t\t<\/div>\n\t\t\t\t\t<\/div>\n\t\t<\/div>\n\t\t\t\t\t<\/div>\n\t\t<\/section>\n\t\t\t\t<section class=\"elementor-section elementor-top-section elementor-element elementor-element-939a689 elementor-section-boxed elementor-section-height-default elementor-section-height-default\" data-id=\"939a689\" data-element_type=\"section\">\n\t\t\t\t\t\t<div class=\"elementor-container elementor-column-gap-default\">\n\t\t\t\t\t<div class=\"elementor-column elementor-col-100 elementor-top-column elementor-element elementor-element-51deb8b\" data-id=\"51deb8b\" data-element_type=\"column\">\n\t\t\t<div class=\"elementor-widget-wrap elementor-element-populated\">\n\t\t\t\t\t\t<div class=\"elementor-element elementor-element-9f7020b elementor-widget elementor-widget-heading\" data-id=\"9f7020b\" data-element_type=\"widget\" data-widget_type=\"heading.default\">\n\t\t\t\t<div class=\"elementor-widget-container\">\n\t\t\t\t\t<h3 class=\"elementor-heading-title elementor-size-default\">Contact<\/h3>\t\t\t\t<\/div>\n\t\t\t\t<\/div>\n\t\t\t\t<div class=\"elementor-element elementor-element-3c7abde elementor-widget elementor-widget-text-editor\" data-id=\"3c7abde\" data-element_type=\"widget\" data-widget_type=\"text-editor.default\">\n\t\t\t\t<div class=\"elementor-widget-container\">\n\t\t\t\t\t\t\t\t\t<p>Pour obtenir davantage d\u2019informations relatives aux questions juridiques contenues dans ces mentions, ou \u00e0 des questions ou probl\u00e8mes concernant ce service, veuillez \u00e9crire en utilisant le formulaire de contact mis \u00e0 votre disposition sur ce site.<\/p>\t\t\t\t\t\t\t\t<\/div>\n\t\t\t\t<\/div>\n\t\t\t\t<div class=\"elementor-element elementor-element-3e89fd3 elementor-widget elementor-widget-spacer\" data-id=\"3e89fd3\" data-element_type=\"widget\" data-widget_type=\"spacer.default\">\n\t\t\t\t<div class=\"elementor-widget-container\">\n\t\t\t\t\t\t\t<div class=\"elementor-spacer\">\n\t\t\t<div class=\"elementor-spacer-inner\"><\/div>\n\t\t<\/div>\n\t\t\t\t\t\t<\/div>\n\t\t\t\t<\/div>\n\t\t\t\t\t<\/div>\n\t\t<\/div>\n\t\t\t\t\t<\/div>\n\t\t<\/section>\n\t\t\t\t<\/div>\n\t\t","protected":false},"excerpt":{"rendered":"<p>Mentions L\u00e9gales Identification du site Les informations suivantes sont fournies en vertu de l\u2019Article 6 de LOI n\u00b0 2004-575 du 21 juin 2004 pour la Confiance dans l\u2019\u00c9conomie Num\u00e9rique Raison sociale : Normandie Connection LTDSi\u00e8ge social : 11924 Forest Hill Blvd Ste 10A-135 Wellington, FL 33414 USA Directeur de la publication : Marie H\u00e9cart Le [&hellip;]<\/p>\n","protected":false},"author":1,"featured_media":0,"parent":0,"menu_order":0,"comment_status":"closed","ping_status":"closed","template":"","meta":{"_monsterinsights_skip_tracking":false,"_monsterinsights_sitenote_active":false,"_monsterinsights_sitenote_note":"","_monsterinsights_sitenote_category":0,"footnotes":""},"class_list":["post-974","page","type-page","status-publish","hentry"],"_links":{"self":[{"href":"https:\/\/mariehecart.com\/index.php\/wp-json\/wp\/v2\/pages\/974","targetHints":{"allow":["GET"]}}],"collection":[{"href":"https:\/\/mariehecart.com\/index.php\/wp-json\/wp\/v2\/pages"}],"about":[{"href":"https:\/\/mariehecart.com\/index.php\/wp-json\/wp\/v2\/types\/page"}],"author":[{"embeddable":true,"href":"https:\/\/mariehecart.com\/index.php\/wp-json\/wp\/v2\/users\/1"}],"replies":[{"embeddable":true,"href":"https:\/\/mariehecart.com\/index.php\/wp-json\/wp\/v2\/comments?post=974"}],"version-history":[{"count":7,"href":"https:\/\/mariehecart.com\/index.php\/wp-json\/wp\/v2\/pages\/974\/revisions"}],"predecessor-version":[{"id":1003,"href":"https:\/\/mariehecart.com\/index.php\/wp-json\/wp\/v2\/pages\/974\/revisions\/1003"}],"wp:attachment":[{"href":"https:\/\/mariehecart.com\/index.php\/wp-json\/wp\/v2\/media?parent=974"}],"curies":[{"name":"wp","href":"https:\/\/api.w.org\/{rel}","templated":true}]}}